{"id":351,"date":"2022-06-03T06:55:01","date_gmt":"2022-06-03T06:55:01","guid":{"rendered":"https:\/\/sportano.cz\/blog\/?page_id=351"},"modified":"2022-06-03T06:56:20","modified_gmt":"2022-06-03T06:56:20","slug":"redakce","status":"publish","type":"page","link":"https:\/\/sportano.cz\/blog\/redakce\/","title":{"rendered":"Redakce"},"content":{"rendered":"\n<p><strong>S v\u00e1\u0161n\u00ed pro sportovn\u00ed \u017eivotn\u00ed styl<\/strong><\/p>\n\n\n\n<p>T\u00fdm blogu Sportano.cz tvo\u0159\u00ed v\u00e1\u0161niv\u00ed sportovci a fanou\u0161ci aktivn\u00edho tr\u00e1ven\u00ed voln\u00e9ho \u010dasu, a tak\u00e9 specialist\u00e9 z oblasti e-commerce. Pomoc\u00ed na\u0161ich znalost\u00ed a zku\u0161enost\u00ed chceme jak nakazit sportovn\u00ed energi\u00ed za\u010d\u00ednaj\u00edc\u00ed adepty v\u0161ech druh\u016f pohybu, tak motivovat a podporovat nad\u0161ence i profesion\u00e1ly k vylep\u0161ov\u00e1n\u00ed jejich v\u00fdkon\u016f na co mo\u017en\u00e1 nejvy\u0161\u0161\u00ed \u00farove\u0148.<\/p>\n\n\n\n<p>Fyzick\u00e1 aktivita pro n\u00e1s neznamen\u00e1 jen zdravou a dokonalou postavu, ale tak\u00e9 \u017eivotn\u00ed styl, v\u00e1\u0161e\u0148 a zp\u016fsob tr\u00e1ven\u00ed voln\u00e9ho \u010dasu. Chceme v\u00e1s povzbudit, abyste p\u0159ijali sportovn\u00ed v\u00fdzvy a p\u0159ekonali va\u0161e vlastn\u00ed slabosti.<\/p>\n","protected":false},"excerpt":{"rendered":"<p>S v\u00e1\u0161n\u00ed pro sportovn\u00ed \u017eivotn\u00ed styl T\u00fdm blogu Sportano.cz tvo\u0159\u00ed v\u00e1\u0161niv\u00ed sportovci a fanou\u0161ci aktivn\u00edho tr\u00e1ven\u00ed voln\u00e9ho \u010dasu, a tak\u00e9 specialist\u00e9 z oblasti e-commerce. Pomoc\u00ed na\u0161ich znalost\u00ed a zku\u0161enost\u00ed chceme jak nakazit sportovn\u00ed energi\u00ed za\u010d\u00ednaj\u00edc\u00ed adepty v\u0161ech druh\u016f pohybu, tak motivovat a podporovat nad\u0161ence i profesion\u00e1ly k vylep\u0161ov\u00e1n\u00ed jejich v\u00fdkon\u016f na co mo\u017en\u00e1 nejvy\u0161\u0161\u00ed \u00farove\u0148. [&hellip;]<\/p>\n","protected":false},"author":7,"featured_media":353,"parent":0,"menu_order":0,"comment_status":"closed","ping_status":"closed","template":"","meta":{"_acf_changed":false,"footnotes":""},"class_list":["post-351","page","type-page","status-publish","has-post-thumbnail","hentry"],"acf":[],"yoast_head":"<!-- This site is optimized with the Yoast SEO plugin v27.1.1 - https:\/\/yoast.com\/product\/yoast-seo-wordpress\/ -->\n<title>Redakce - Blog Sportano.cz<\/title>\n<meta name=\"robots\" content=\"index, follow, max-snippet:-1, max-image-preview:large, max-video-preview:-1\" \/>\n<link rel=\"canonical\" href=\"https:\/\/sportano.cz\/blog\/redakce\/\" \/>\n<meta property=\"og:locale\" content=\"cs_CZ\" \/>\n<meta property=\"og:type\" content=\"article\" \/>\n<meta property=\"og:title\" content=\"Redakce - Blog Sportano.cz\" \/>\n<meta property=\"og:description\" content=\"S v\u00e1\u0161n\u00ed pro sportovn\u00ed \u017eivotn\u00ed styl T\u00fdm blogu Sportano.cz tvo\u0159\u00ed v\u00e1\u0161niv\u00ed sportovci a fanou\u0161ci aktivn\u00edho tr\u00e1ven\u00ed voln\u00e9ho \u010dasu, a tak\u00e9 specialist\u00e9 z oblasti e-commerce. Pomoc\u00ed na\u0161ich znalost\u00ed a zku\u0161enost\u00ed chceme jak nakazit sportovn\u00ed energi\u00ed za\u010d\u00ednaj\u00edc\u00ed adepty v\u0161ech druh\u016f pohybu, tak motivovat a podporovat nad\u0161ence i profesion\u00e1ly k vylep\u0161ov\u00e1n\u00ed jejich v\u00fdkon\u016f na co mo\u017en\u00e1 nejvy\u0161\u0161\u00ed \u00farove\u0148. [&hellip;]\" \/>\n<meta property=\"og:url\" content=\"https:\/\/sportano.cz\/blog\/redakce\/\" \/>\n<meta property=\"article:modified_time\" content=\"2022-06-03T06:56:20+00:00\" \/>\n<meta property=\"og:image\" content=\"http:\/\/sportano.cz\/blog\/wp-content\/uploads\/2022\/06\/o_nas-scaled.jpg\" \/>\n\t<meta property=\"og:image:width\" content=\"2560\" \/>\n\t<meta property=\"og:image:height\" content=\"1707\" \/>\n\t<meta property=\"og:image:type\" content=\"image\/jpeg\" \/>\n<meta name=\"twitter:card\" content=\"summary_large_image\" \/>\n<meta name=\"twitter:label1\" content=\"Odhadovan\u00e1 doba \u010dten\u00ed\" \/>\n\t<meta name=\"twitter:data1\" content=\"1 minuta\" \/>\n<!-- \/ Yoast SEO plugin. -->","yoast_head_json":{"title":"Redakce - Blog Sportano.cz","robots":{"index":"index","follow":"follow","max-snippet":"max-snippet:-1","max-image-preview":"max-image-preview:large","max-video-preview":"max-video-preview:-1"},"canonical":"https:\/\/sportano.cz\/blog\/redakce\/","og_locale":"cs_CZ","og_type":"article","og_title":"Redakce - Blog Sportano.cz","og_description":"S v\u00e1\u0161n\u00ed pro sportovn\u00ed \u017eivotn\u00ed styl T\u00fdm blogu Sportano.cz tvo\u0159\u00ed v\u00e1\u0161niv\u00ed sportovci a fanou\u0161ci aktivn\u00edho tr\u00e1ven\u00ed voln\u00e9ho \u010dasu, a tak\u00e9 specialist\u00e9 z oblasti e-commerce. Pomoc\u00ed na\u0161ich znalost\u00ed a zku\u0161enost\u00ed chceme jak nakazit sportovn\u00ed energi\u00ed za\u010d\u00ednaj\u00edc\u00ed adepty v\u0161ech druh\u016f pohybu, tak motivovat a podporovat nad\u0161ence i profesion\u00e1ly k vylep\u0161ov\u00e1n\u00ed jejich v\u00fdkon\u016f na co mo\u017en\u00e1 nejvy\u0161\u0161\u00ed \u00farove\u0148. [&hellip;]","og_url":"https:\/\/sportano.cz\/blog\/redakce\/","article_modified_time":"2022-06-03T06:56:20+00:00","og_image":[{"width":2560,"height":1707,"url":"http:\/\/sportano.cz\/blog\/wp-content\/uploads\/2022\/06\/o_nas-scaled.jpg","type":"image\/jpeg"}],"twitter_card":"summary_large_image","twitter_misc":{"Odhadovan\u00e1 doba \u010dten\u00ed":"1 minuta"},"schema":{"@context":"https:\/\/schema.org","@graph":[{"@type":"WebPage","@id":"https:\/\/sportano.cz\/blog\/redakce\/","url":"https:\/\/sportano.cz\/blog\/redakce\/","name":"Redakce - Blog Sportano.cz","isPartOf":{"@id":"https:\/\/sportano.cz\/blog\/#website"},"primaryImageOfPage":{"@id":"https:\/\/sportano.cz\/blog\/redakce\/#primaryimage"},"image":{"@id":"https:\/\/sportano.cz\/blog\/redakce\/#primaryimage"},"thumbnailUrl":"https:\/\/sportano.cz\/blog\/wp-content\/uploads\/2022\/06\/o_nas-scaled.jpg","datePublished":"2022-06-03T06:55:01+00:00","dateModified":"2022-06-03T06:56:20+00:00","breadcrumb":{"@id":"https:\/\/sportano.cz\/blog\/redakce\/#breadcrumb"},"inLanguage":"cs","potentialAction":[{"@type":"ReadAction","target":["https:\/\/sportano.cz\/blog\/redakce\/"]}]},{"@type":"ImageObject","inLanguage":"cs","@id":"https:\/\/sportano.cz\/blog\/redakce\/#primaryimage","url":"https:\/\/sportano.cz\/blog\/wp-content\/uploads\/2022\/06\/o_nas-scaled.jpg","contentUrl":"https:\/\/sportano.cz\/blog\/wp-content\/uploads\/2022\/06\/o_nas-scaled.jpg","width":2560,"height":1707,"caption":"Skupina lid\u00ed oslavuje na vrcholu hory s v\u00fdhledem na rozlehlou krajinu"},{"@type":"BreadcrumbList","@id":"https:\/\/sportano.cz\/blog\/redakce\/#breadcrumb","itemListElement":[{"@type":"ListItem","position":1,"name":"Hlavn\u00ed strana","item":"https:\/\/sportano.cz\/blog\/"},{"@type":"ListItem","position":2,"name":"Redakce"}]},{"@type":"WebSite","@id":"https:\/\/sportano.cz\/blog\/#website","url":"https:\/\/sportano.cz\/blog\/","name":"","description":"","publisher":{"@id":"https:\/\/sportano.cz\/blog\/#organization"},"potentialAction":[{"@type":"SearchAction","target":{"@type":"EntryPoint","urlTemplate":"https:\/\/sportano.cz\/blog\/?s={search_term_string}"},"query-input":{"@type":"PropertyValueSpecification","valueRequired":true,"valueName":"search_term_string"}}],"inLanguage":"cs"},{"@type":"Organization","@id":"https:\/\/sportano.cz\/blog\/#organization","name":"Sportano.pl","url":"https:\/\/sportano.cz\/blog\/","logo":{"@type":"ImageObject","inLanguage":"cs","@id":"https:\/\/sportano.cz\/blog\/#\/schema\/logo\/image\/","url":"http:\/\/sportano.cz\/blog\/wp-content\/uploads\/2022\/04\/sportano-blog-logo.png","contentUrl":"http:\/\/sportano.cz\/blog\/wp-content\/uploads\/2022\/04\/sportano-blog-logo.png","width":1200,"height":200,"caption":"Sportano.pl"},"image":{"@id":"https:\/\/sportano.cz\/blog\/#\/schema\/logo\/image\/"}}]}},"_links":{"self":[{"href":"https:\/\/sportano.cz\/blog\/wp-json\/wp\/v2\/pages\/351","targetHints":{"allow":["GET"]}}],"collection":[{"href":"https:\/\/sportano.cz\/blog\/wp-json\/wp\/v2\/pages"}],"about":[{"href":"https:\/\/sportano.cz\/blog\/wp-json\/wp\/v2\/types\/page"}],"author":[{"embeddable":true,"href":"https:\/\/sportano.cz\/blog\/wp-json\/wp\/v2\/users\/7"}],"replies":[{"embeddable":true,"href":"https:\/\/sportano.cz\/blog\/wp-json\/wp\/v2\/comments?post=351"}],"version-history":[{"count":1,"href":"https:\/\/sportano.cz\/blog\/wp-json\/wp\/v2\/pages\/351\/revisions"}],"predecessor-version":[{"id":352,"href":"https:\/\/sportano.cz\/blog\/wp-json\/wp\/v2\/pages\/351\/revisions\/352"}],"wp:featuredmedia":[{"embeddable":true,"href":"https:\/\/sportano.cz\/blog\/wp-json\/wp\/v2\/media\/353"}],"wp:attachment":[{"href":"https:\/\/sportano.cz\/blog\/wp-json\/wp\/v2\/media?parent=351"}],"curies":[{"name":"wp","href":"https:\/\/api.w.org\/{rel}","templated":true}]}}