{"id":118,"date":"2022-05-30T08:40:07","date_gmt":"2022-05-30T08:40:07","guid":{"rendered":"https:\/\/sportano.cz\/blog\/?page_id=118"},"modified":"2025-04-02T11:05:10","modified_gmt":"2025-04-02T11:05:10","slug":"podminky-poskytovani-sluzby-blog-sportano-cz","status":"publish","type":"page","link":"https:\/\/sportano.cz\/blog\/podminky-poskytovani-sluzby-blog-sportano-cz\/","title":{"rendered":"PODM\u00cdNKY POSKYTOV\u00c1N\u00cd SLU\u017dBY BLOG SPORTANO.CZ"},"content":{"rendered":"\n<p class=\"has-text-align-center\"><strong>I.\u202f\u202f\u202f\u202f\u202f\u202f\u202f\u202f\u202f\u202f OBECN\u00c1 USTANOVEN\u00cd<\/strong><br><\/p>\n\n\n\n<p>1. Tato pravidla popisuj\u00ed z\u00e1sady poskytov\u00e1n\u00ed slu\u017eby Blog (d\u00e1le jen &#8222;Blog&#8220;) v r\u00e1mci internetov\u00e9 slu\u017eby dostupn\u00e9 pod dom\u00e9nou <a href=\"https:\/\/sportano.cz\" target=\"_blank\" rel=\"noreferrer noopener\">www.sportano.cz <\/a>(d\u00e1le jen &#8222;Podm\u00ednky Blogu&#8220;) spole\u010dnost\u00ed SPORTANO.COM spole\u010dnost s ru\u010den\u00edm omezen\u00fdm se s\u00eddlem ul. Wroc\u0142awska 17B\/15, 65-427 Zielona G\u00f3ra, Polsko (EU), zapsan\u00e9 v\u202frejst\u0159\u00edku podnikatel\u016f veden\u00e9m Okresn\u00edm soudem v Zielona G\u00f3ra, VIII obchodn\u00ed odd\u011blen\u00ed &#8211; N\u00e1rodn\u00ed soudn\u00ed rejst\u0159\u00edk, pod \u010d\u00edslem KRS 0000896178, NIP (DI\u010c) 9731077223, (I\u010c) REGON 388722422, BDO 000550240, z\u00e1kladn\u00ed kapit\u00e1l 25 325 950,00 PLN, e-mailov\u00e1 adresa: <a href=\"mailto:kontakt@sportano.cz\">kontakt@sportano.cz<\/a>, telefonn\u00ed \u010d\u00edslo: <a href=\"tel:+420296208705\">+420\u202f296\u202f208\u202f705<\/a> (poplatek jako za b\u011b\u017en\u00e9 spojen\u00ed &#8211; dle cen\u00edku p\u0159\u00edslu\u0161n\u00e9ho oper\u00e1tora) (d\u00e1le jen: \u201eSPORTANO\u201d). <strong>[aktualizace definice prod\u00e1vaj\u00edc\u00edho v souvislosti se zm\u011bnou spole\u010dnosti (n\u00e1zvu) prod\u00e1vaj\u00edc\u00edho a zm\u011bnou v\u00fd\u0161e z\u00e1kladn\u00edho kapit\u00e1lu k listopadu 2022, 28]<\/strong><\/p>\n\n\n\n<p>2. Pojmy psan\u00e9 velk\u00fdm za\u010d\u00e1te\u010dn\u00edm p\u00edsmenem, kter\u00e9 nejsou definov\u00e1ny v Podm\u00ednk\u00e1ch Blogu, maj\u00ed v\u00fdznam dle Podm\u00ednek Blogu, pokud nen\u00ed v t\u011bchto Podm\u00ednk\u00e1ch Blogu stanoveno jinak.<\/p>\n\n\n\n<p>3. Ka\u017ed\u00e1 fyzick\u00e1 nebo pr\u00e1vnick\u00e1 osoba, kter\u00e1 pou\u017e\u00edv\u00e1 Blog (d\u00e1le jen &#8222;U\u017eivatel&#8220;), je povinna se p\u0159ed pou\u017eit\u00edm Blogu sezn\u00e1mit s Podm\u00ednkami Blogu.<\/p>\n\n\n\n<p>4. Podm\u00ednky Blogu jsou zdarma k dispozici v elektronick\u00e9 podob\u011b v doln\u00ed \u010d\u00e1sti na \u00favodn\u00ed str\u00e1nce webov\u00fdch str\u00e1nek SPORTANO na adrese: https:\/\/sportano.cz\/blog\/regulamin\/ a v pap\u00edrov\u00e9 podob\u011b v s\u00eddle spole\u010dnosti SPORTANO.<\/p>\n\n\n\n<p class=\"has-text-align-center\"><strong>II.\u202f\u202f\u202f\u202f\u202f\u202f\u202f\u202f\u202f SLU\u017dBA BLOG<\/strong><br><\/p>\n\n\n\n<p>1. Prost\u0159ednictv\u00edm slu\u017eby Blog bude spole\u010dnost SPORTANO poskytovat slu\u017ebu zp\u0159\u00edstupn\u011bn\u00ed obsahu s omezenou platnost\u00ed nebo u\u017eite\u010dnost\u00ed, kter\u00fd bude prezentov\u00e1n od nejnov\u011bj\u0161\u00edho (naposledy zve\u0159ejn\u011bn\u00e9ho) po nejstar\u0161\u00ed z\u00e1znam, zejm\u00e9na pokud jde o novinky. Spole\u010dnost SPORTANO m\u00e1 pr\u00e1vo kdykoli zm\u011bnit obsah zve\u0159ejn\u011bn\u00fd na webov\u00fdch str\u00e1nk\u00e1ch Blogu, v\u010detn\u011b proveden\u00ed zm\u011bn v\u0161ech nebo \u010d\u00e1sti informac\u00ed uveden\u00fdch na t\u011bchto webov\u00fdch str\u00e1nk\u00e1ch, nahrazen\u00ed soubor\u016f ke sta\u017een\u00ed a \u010d\u00e1ste\u010dn\u00e9ho nebo \u00fapln\u00e9ho sta\u017een\u00ed zve\u0159ejn\u011bn\u00e9ho obsahu.<\/p>\n\n\n\n<p>2. K zah\u00e1jen\u00ed pou\u017e\u00edv\u00e1n\u00ed Blogu (uzav\u0159en\u00ed smlouvy o poskytov\u00e1n\u00ed slu\u017eby Blog) doch\u00e1z\u00ed po \u0159\u00e1dn\u00e9m spu\u0161t\u011bn\u00ed slu\u017eby spo\u010d\u00edvaj\u00edc\u00edm v zobrazen\u00ed spr\u00e1vn\u00e9 url adresy &#8211;<a href=\"https:\/\/sportano.cz\/blog\/\" target=\"_blank\" rel=\"noreferrer noopener\"> <\/a><a href=\"https:\/\/sportano.cz\/blog\/\">https:\/\/sportano.cz\/blog\/<\/a>, a to zejm\u00e9na zad\u00e1n\u00edm n\u00e1sleduj\u00edc\u00ed adresy do adresn\u00edho \u0159\u00e1dku internetov\u00e9ho prohl\u00ed\u017ee\u010de: https:\/\/sportano.cz\/blog\/.\u202fKa\u017ed\u00e9mu U\u017eivateli se po vstupu na webov\u00e9 str\u00e1nky https:\/\/sportano.cz\/blog\/ zobraz\u00ed v doln\u00ed \u010d\u00e1sti obrazovky zpr\u00e1va s informacemi o souhlasu s Podm\u00ednkami Blogu a informacemi o zpracov\u00e1n\u00ed soubor\u016f cookies.\u202fPou\u017e\u00edv\u00e1n\u00ed Blogu se rovn\u00e1 souhlasu s Podm\u00ednkami Blogu.<br><\/p>\n\n\n\n<p>3. Blog je poskytov\u00e1n zdarma po neomezenou dobu.<br><br>4. U\u017eivatel je povinen zejm\u00e9na:<\/p>\n\n\n\n<p>a) pou\u017e\u00edvat Blog zp\u016fsobem, kter\u00fd je v souladu s Pr\u00e1vn\u00edmi p\u0159edpisy a neporu\u0161uje pr\u00e1va t\u0159et\u00edch osob, v souladu s ustanoven\u00edmi Podm\u00ednkami Blogu, jako\u017e i se zvyklostmi a pravidly spole\u010densk\u00e9ho sou\u017eit\u00ed p\u0159ijat\u00fdmi v dan\u00e9m rozsahu;<\/p>\n\n\n\n<p>b) poskytovat spole\u010dnosti SPORTANO pouze skute\u010dn\u00e9, aktu\u00e1ln\u00ed a v\u0161echny nezbytn\u00e9 \u00fadaje;<\/p>\n\n\n\n<p>c) neprodlen\u011b aktualizovat \u00fadaje poskytnut\u00e9 spole\u010dnosti SPORTANO v souvislosti s uzav\u0159en\u00edm smlouvy o poskytov\u00e1n\u00ed slu\u017eeb Blogu, pokud je poskytnut\u00ed t\u011bchto \u00fadaj\u016f nezbytn\u00e9 pro vyu\u017e\u00edv\u00e1n\u00ed t\u011bchto slu\u017eeb;<\/p>\n\n\n\n<p>d) neposkytovat ani nep\u0159en\u00e1\u0161et v r\u00e1mci slu\u017eby Blog \u017e\u00e1dn\u00fd obsah zak\u00e1zan\u00fd platn\u00fdmi z\u00e1kony, zejm\u00e9na obsah poru\u0161uj\u00edc\u00ed autorsk\u00e1 pr\u00e1va t\u0159et\u00edch stran nebo jejich osobnostn\u00ed pr\u00e1va.<br><br>5. Pou\u017e\u00edv\u00e1n\u00ed Blogu, v\u010detn\u011b uzav\u0159en\u00ed smlouvy o poskytov\u00e1n\u00ed slu\u017eby Blog, vy\u017eaduje, aby koncov\u00e1 za\u0159\u00edzen\u00ed a komunika\u010dn\u00ed syst\u00e9my U\u017eivatele spl\u0148ovaly n\u00e1sleduj\u00edc\u00ed minim\u00e1ln\u00ed technick\u00e9 po\u017eadavky, tj.: po\u010d\u00edta\u010d nebo jin\u00e9 za\u0159\u00edzen\u00ed p\u0159ipojen\u00e9 k internetu s minim\u00e1ln\u00ed \u0161\u00ed\u0159kou p\u00e1sma umo\u017e\u0148uj\u00edc\u00ed plynul\u00e9 obnovov\u00e1n\u00ed webov\u00fdch str\u00e1nek, s minim\u00e1ln\u00edm rozli\u0161en\u00edm obrazovky 1280 x 720 bod\u016f, vybaven\u00fd alespo\u0148 jedn\u00edm z t\u011bchto webov\u00fdch prohl\u00ed\u017ee\u010d\u016f: Chrome verze 94 a vy\u0161\u0161\u00ed, Internet Explorer verze 11 a vy\u0161\u0161\u00ed, Firefox verze 93 a vy\u0161\u0161\u00ed, Edge verze 94 a vy\u0161\u0161\u00ed, Safari verze 14 a vy\u0161\u0161\u00ed, Opera verze 80 a vy\u0161\u0161\u00ed, podporuj\u00edc\u00ed Java Script a umo\u017e\u0148uj\u00edc\u00ed ukl\u00e1d\u00e1n\u00ed soubor\u016f cookies.<br><br>6. Pou\u017e\u00edv\u00e1n\u00ed Blogu jako elektronick\u00e9 slu\u017eby je spojeno s hrozbami typick\u00fdmi pro p\u0159enos dat p\u0159es internet, jako je \u0161\u00ed\u0159en\u00ed \u00fadaj\u016f U\u017eivatele, neopr\u00e1vn\u011bn\u00fd p\u0159\u00edstup k nim nebo ztr\u00e1ta \u00fadaj\u016f U\u017eivatele. Spole\u010dnost SPORTANO a U\u017eivatel\u00e9 jsou povinni \u010dinit kroky k minimalizaci t\u011bchto rizik.<\/p>\n\n\n\n<p class=\"has-text-align-center\"><strong>III.\u202f\u202f\u202f\u202f\u202f\u202f\u202f\u202f ZPRACOV\u00c1N\u00cd OSOBN\u00cdCH \u00daDAJ\u016e<\/strong><\/p>\n\n\n\n<p class=\"has-text-align-left\">1. Osobn\u00ed \u00fadaje U\u017eivatele zpracov\u00e1v\u00e1 spole\u010dnost SPORTANO jako Spr\u00e1vce osobn\u00edch \u00fadaj\u016f. Poskytnut\u00ed osobn\u00edch \u00fadaj\u016f U\u017eivatelem je dobrovoln\u00e9, ale nezbytn\u00e9 pro pou\u017e\u00edv\u00e1n\u00ed Blogu. Neposkytnut\u00ed po\u017eadovan\u00fdch osobn\u00edch \u00fadaj\u016f nezbytn\u00fdch pro dan\u00fd typ slu\u017eby v r\u00e1mci Blogu m\u016f\u017ee m\u00edt za n\u00e1sledek nemo\u017enost vyu\u017e\u00edvat n\u011bkter\u00e9 slu\u017eby nab\u00edzen\u00e9 spole\u010dnost\u00ed SPORTANO v r\u00e1mci Blogu.<br><br>2. Podrobn\u00e9 informace o ochran\u011b osobn\u00edch \u00fadaj\u016f jsou uvedeny v <a href=\"https:\/\/sportano.cz\/osobni-udaje-a-cookies\">Z\u00e1sad\u00e1ch ochrany osobn\u00edch \u00fadaj\u016f a soubor\u016f cookies.<\/a><\/p>\n\n\n\n<p class=\"has-text-align-center\"><strong>IV.\u202f\u202f\u202f\u202f\u202f\u202f\u202f \u202fDU\u0160EVN\u00cd VLASTNICTV\u00cd<\/strong><\/p>\n\n\n\n<p class=\"has-text-align-left\">1. Pr\u00e1va ke v\u0161em prvk\u016fm, v\u010detn\u011b d\u011bl ve smyslu z\u00e1kona o autorsk\u00e9m pr\u00e1vu a pr\u00e1vech souvisej\u00edc\u00edch s pr\u00e1vem autorsk\u00fdm ze dne 4. \u00fanora 1994, zp\u0159\u00edstupn\u011bn\u00fdch spole\u010dnost\u00ed SPORTANO, zejm\u00e9na autorsk\u00e1 pr\u00e1va, n\u00e1le\u017e\u00ed spole\u010dnosti SPORTANO nebo subjekt\u016fm, s nimi\u017e spole\u010dnost SPORTANO uzav\u0159ela p\u0159\u00edslu\u0161n\u00e9 smlouvy.<br><br>2. U\u017eivatel je opr\u00e1vn\u011bn bezplatn\u011b pou\u017e\u00edvat v\u00fd\u0161e uveden\u00fd obsah v\u00fdhradn\u011b v r\u00e1mci sv\u00e9 osobn\u00ed pot\u0159eby a pouze v rozsahu nezbytn\u00e9m pro \u0159\u00e1dn\u00e9 u\u017e\u00edv\u00e1n\u00ed Blogu, a to bez \u00fazemn\u00edho omezen\u00ed. Pou\u017eit\u00ed v\u00fd\u0161e uveden\u00e9ho obsahu pro jin\u00e9 \u00fa\u010dely je mo\u017en\u00e9 pouze na z\u00e1klad\u011b v\u00fdslovn\u00e9ho, p\u0159edchoz\u00edho souhlasu ud\u011blen\u00e9ho opr\u00e1vn\u011bnou osobou, a to v p\u00edsemn\u00e9 podob\u011b, pod hrozbou neplatnosti.<\/p>\n\n\n\n<p class=\"has-text-align-center\"><strong>V.\u202f\u202f\u202f\u202f\u202f\u202f\u202f\u202f\u202f ST\u00cd\u017dNOSTI<\/strong><\/p>\n\n\n\n<p class=\"has-text-align-left\">1. U\u017eivatel m\u016f\u017ee formou st\u00ed\u017enosti nahl\u00e1sit nesrovnalosti t\u00fdkaj\u00edc\u00ed se slu\u017eby Blog. St\u00ed\u017enosti lze pod\u00e1vat nap\u0159\u00edklad e-mailem na adresu: <a href=\"mailto:kontakt@sportano.cz\" target=\"_blank\" rel=\"noreferrer noopener\">kontakt@sportano.cz<\/a>.<br><br>2. St\u00ed\u017enosti SPORTANO vy\u0159izuje bezodkladn\u011b, nejpozd\u011bji do 14 dn\u016f od jejich pod\u00e1n\u00ed.<br><br>3. V z\u00e1jmu urychlen\u00ed vy\u0159\u00edzen\u00ed st\u00ed\u017enosti se doporu\u010duje uv\u00e9st jm\u00e9no a kontaktn\u00ed \u00fadaje osoby, kter\u00e1 st\u00ed\u017enost pod\u00e1v\u00e1, a popis d\u016fvod\u016f, kter\u00e9 st\u00ed\u017enost od\u016fvod\u0148uj\u00ed.<br><br>4. Spole\u010dnost SPORTANO ani jej\u00ed zam\u011bstnanci, zmocn\u011bnci a z\u00e1stupci neodpov\u00eddaj\u00ed v\u016f\u010di U\u017eivateli, kter\u00fd nen\u00ed spot\u0159ebitelem, jeho subdodavatel\u016fm, zam\u011bstnanc\u016fm, zmocn\u011bnc\u016fm a\/nebo z\u00e1stupc\u016fm za jakoukoli \u0161kodu, v\u010detn\u011b u\u0161l\u00e9ho zisku, pokud \u0161kodu nezp\u016fsobili \u00famysln\u011b. V ka\u017ed\u00e9m p\u0159\u00edpad\u011b, kdy je zji\u0161t\u011bna odpov\u011bdnost spole\u010dnosti SPORTANO, jej\u00edch zam\u011bstnanc\u016f, opr\u00e1vn\u011bn\u00fdch z\u00e1stupc\u016f a\/nebo z\u00e1stupc\u016f, je tato odpov\u011bdnost v\u016f\u010di u\u017eivateli, kter\u00fd nen\u00ed spot\u0159ebitelem, bez ohledu na jej\u00ed pr\u00e1vn\u00ed z\u00e1klad, omezena &#8211; jak v r\u00e1mci jednoho n\u00e1roku, tak pro v\u0161echny n\u00e1roky celkem &#8211; na \u010d\u00e1stku 500 PLN.<\/p>\n\n\n\n<p class=\"has-text-align-center\"><strong>VI.\u202f\u202f\u202f\u202f\u202f\u202f\u202f ODSTOUPEN\u00cd OD SMLOUVY A ZM\u011aNA PODM\u00cdNEK BLOGU<\/strong><\/p>\n\n\n\n<p class=\"has-text-align-left\">1. U\u017eivatel m\u00e1 mo\u017enost kdykoli a bez ud\u00e1n\u00ed d\u016fvodu odstoupit od pou\u017e\u00edv\u00e1n\u00ed Blogu (ukon\u010den\u00ed smlouvy o poskytov\u00e1n\u00ed slu\u017eeb Blogu), zejm\u00e9na uzav\u0159en\u00edm webov\u00fdch str\u00e1nek spole\u010dnosti SPORTANO, na kter\u00fdch je p\u0159\u00edsp\u011bvek na Blogu zve\u0159ejn\u011bn.&nbsp;<br><br>2. Spole\u010dnost SPORTANO m\u016f\u017ee kdykoli vypov\u011bd\u011bt smlouvu o poskytov\u00e1n\u00ed slu\u017eby Blog s v\u00fdpov\u011bdn\u00ed lh\u016ftou 14 dn\u016f z n\u00e1sleduj\u00edc\u00edch z\u00e1va\u017en\u00fdch d\u016fvod\u016f:<\/p>\n\n\n\n<p>a) zm\u011bna pr\u00e1vn\u00edch p\u0159edpis\u016f upravuj\u00edc\u00edch poskytov\u00e1n\u00ed slu\u017eeb elektronicky spole\u010dnost\u00ed SPORTANO, kter\u00e1 m\u00e1 vliv na vz\u00e1jemn\u00e1 pr\u00e1va a povinnosti stanoven\u00e9 ve smlouv\u011b o poskytov\u00e1n\u00ed Blogu, nebo zm\u011bna v\u00fdkladu v\u00fd\u0161e uveden\u00fdch pr\u00e1vn\u00edch p\u0159edpis\u016f v d\u016fsledku soudn\u00edch rozhodnut\u00ed, rozhodnut\u00ed, doporu\u010den\u00ed nebo doporu\u010den\u00ed p\u0159\u00edslu\u0161n\u00fdch org\u00e1n\u016f nebo instituc\u00ed;<\/p>\n\n\n\n<p>b) zm\u011bna zp\u016fsobu poskytov\u00e1n\u00ed slu\u017eby z technick\u00fdch nebo technologick\u00fdch d\u016fvod\u016f, nap\u0159. aktualizace technick\u00fdch po\u017eadavk\u016f uveden\u00fdch v p\u0159edpisech pro blogy;<\/p>\n\n\n\n<p>c) zm\u011bna rozsahu nebo poskytov\u00e1n\u00ed slu\u017eeb, na kter\u00e9 se vztahuj\u00ed Pravidla blogu, a to zaveden\u00edm nov\u00fdch, \u00fapravou nebo zru\u0161en\u00edm st\u00e1vaj\u00edc\u00edch funkc\u00ed nebo slu\u017eeb, na kter\u00e9 se vztahuj\u00ed Pravidla blogu, ze strany spole\u010dnosti SPORTANO;<\/p>\n\n\n\n<p>d) zm\u011bna rozsahu nebo zp\u016fsobu poskytov\u00e1n\u00ed slu\u017eeb subjekty spolupracuj\u00edc\u00edmi se spole\u010dnost\u00ed SPORTANO zaveden\u00edm nov\u00fdch, \u00fapravou nebo zru\u0161en\u00edm st\u00e1vaj\u00edc\u00edch funkc\u00ed nebo slu\u017eeb t\u011bmito subjekty, kter\u00e1 m\u00e1 vliv na vz\u00e1jemn\u00e1 pr\u00e1va a povinnosti mezi U\u017eivatelem a spole\u010dnost\u00ed SPORTANO.<\/p>\n\n\n\n<p>3. SPORTANO p\u0159edkl\u00e1d\u00e1 sv\u00e9 prohl\u00e1\u0161en\u00ed v rozsahu uveden\u00e9m v odstavci 2 jeho zve\u0159ejn\u011bn\u00edm na internetov\u00fdch str\u00e1nk\u00e1ch, pod kter\u00fdmi je Blog zp\u0159\u00edstupn\u011bn: <a href=\"https:\/\/sportano.cz\/blog\/\" target=\"_blank\" rel=\"noreferrer noopener\">https:\/\/sportano.cz\/blog\/<\/a>.<br><br>4. SPORTANO m\u016f\u017ee U\u017eivateli odep\u0159\u00edt dal\u0161\u00ed pr\u00e1vo na u\u017e\u00edv\u00e1n\u00ed Blogu, jako\u017e i vypov\u011bd\u011bt U\u017eivateli smlouvu o u\u017e\u00edv\u00e1n\u00ed Blogu se sedmidenn\u00ed v\u00fdpov\u011bdn\u00ed lh\u016ftou v p\u0159\u00edpad\u011b hrub\u00e9ho poru\u0161en\u00ed bodu II. odst. 4 p\u00edsm. a) Pravidel Blogu ze strany U\u017eivatele.<br><br>5. SPORTANO m\u016f\u017ee ze z\u00e1va\u017en\u00fdch d\u016fvod\u016f prov\u00e9st zm\u011bny t\u011bchto Podm\u00ednek Blogu, zejm\u00e9na v p\u0159\u00edpad\u011b, \u017ee nastane alespo\u0148 jeden z d\u016fvod\u016f uveden\u00fdch v odstavci 2 v\u00fd\u0161e.<br><br>6. V p\u0159\u00edpad\u011b zm\u011bn Podm\u00ednek Blogu zp\u0159\u00edstupn\u00ed SPORTANO \u00fapln\u00e9 zn\u011bn\u00ed Podm\u00ednek zve\u0159ejn\u011bn\u00edm na webov\u00fdch str\u00e1nk\u00e1ch Internetov\u00e9ho obchodu SPORTANO dostupn\u00fdch na dom\u00e9n\u011b <a href=\"https:\/\/sportano.cz\" target=\"_blank\" rel=\"noreferrer noopener\">www.sportano.cz<\/a>, co\u017e umo\u017en\u00ed nahl\u00e9dnut\u00ed do \u00fapln\u00e9ho zn\u011bn\u00ed Podm\u00ednek Blogu a jeho ulo\u017een\u00ed.<br><br>7. Zm\u011bna Podm\u00ednek Blogu nab\u00fdv\u00e1 \u00fa\u010dinnosti 14 dn\u016f ode dne odesl\u00e1n\u00ed informace o zm\u011bn\u011b. V p\u0159\u00edpad\u011b U\u017eivatel\u016f, kte\u0159\u00ed uzav\u0159eli Smlouvu o poskytov\u00e1n\u00ed slu\u017eeb Blogu, maj\u00ed tito pr\u00e1vo vypov\u011bd\u011bt Smlouvu o poskytov\u00e1n\u00ed slu\u017eeb do 14 dn\u016f ode dne ozn\u00e1men\u00ed zm\u011bny Podm\u00ednek Blogu.<\/p>\n\n\n\n<p class=\"has-text-align-center\"><strong>VII.\u202f\u202f\u202f\u202f\u202f\u202f Z\u00c1V\u011aRE\u010cN\u00c1 USTANOVEN\u00cd<\/strong><\/p>\n\n\n\n<p class=\"has-text-align-left\">1. Tyto Podm\u00ednky Blogu jsou platn\u00e9 a \u00fa\u010dinn\u00e9 od 10.05.2022.<\/p>\n\n\n\n<p class=\"has-text-align-left\">2. Smlouva o poskytov\u00e1n\u00ed blogu se uzav\u00edr\u00e1 v \u010desk\u00e9m jazyce.<br><br>3. Z\u00e1pis, zabezpe\u010den\u00ed a zp\u0159\u00edstupn\u011bn\u00ed podstatn\u00fdch ustanoven\u00ed uzav\u0159en\u00e9 Smlouvy o poskytov\u00e1n\u00ed slu\u017eeb prob\u00edh\u00e1 zp\u0159\u00edstupn\u011bn\u00edm pravidel blogu v&nbsp;doln\u00ed \u010d\u00e1sti na webov\u00fdch str\u00e1nk\u00e1ch na adrese: <a href=\"https:\/\/sportano.cz\/blog\/podminky-poskytovani-sluzby-blog-sportano-cz\/\" target=\"_blank\" rel=\"noreferrer noopener\">https:\/\/sportano.cz\/blog\/podminky\/<\/a> zp\u016fsobem, kter\u00fd umo\u017e\u0148uje jeho sta\u017een\u00ed, reprodukci a ulo\u017een\u00ed v za\u0159\u00edzen\u00ed u\u017eivatele.<br><br>4. V z\u00e1le\u017eitostech, na kter\u00e9 se nevztahuj\u00ed Podm\u00ednky Blogu, plat\u00ed obecn\u011b platn\u00e1 ustanoven\u00ed polsk\u00fdch z\u00e1kon\u016f.<\/p>\n","protected":false},"excerpt":{"rendered":"<p>I.\u202f\u202f\u202f\u202f\u202f\u202f\u202f\u202f\u202f\u202f OBECN\u00c1 USTANOVEN\u00cd 1. Tato pravidla popisuj\u00ed z\u00e1sady poskytov\u00e1n\u00ed slu\u017eby Blog (d\u00e1le jen &#8222;Blog&#8220;) v r\u00e1mci internetov\u00e9 slu\u017eby dostupn\u00e9 pod dom\u00e9nou www.sportano.cz (d\u00e1le jen &#8222;Podm\u00ednky Blogu&#8220;) spole\u010dnost\u00ed SPORTANO.COM spole\u010dnost s ru\u010den\u00edm omezen\u00fdm se s\u00eddlem ul. Wroc\u0142awska 17B\/15, 65-427 Zielona G\u00f3ra, Polsko (EU), zapsan\u00e9 v\u202frejst\u0159\u00edku podnikatel\u016f veden\u00e9m Okresn\u00edm soudem v Zielona G\u00f3ra, VIII obchodn\u00ed odd\u011blen\u00ed &#8211; [&hellip;]<\/p>\n","protected":false},"author":7,"featured_media":0,"parent":0,"menu_order":0,"comment_status":"closed","ping_status":"closed","template":"","meta":{"_acf_changed":false,"footnotes":""},"class_list":["post-118","page","type-page","status-publish","hentry"],"acf":[],"yoast_head":"<!-- This site is optimized with the Yoast SEO plugin v27.1.1 - https:\/\/yoast.com\/product\/yoast-seo-wordpress\/ -->\n<title>PODM\u00cdNKY POSKYTOV\u00c1N\u00cd SLU\u017dBY BLOG SPORTANO.CZ - Blog Sportano.cz<\/title>\n<meta name=\"robots\" content=\"index, follow, max-snippet:-1, max-image-preview:large, max-video-preview:-1\" \/>\n<link rel=\"canonical\" href=\"https:\/\/sportano.cz\/blog\/podminky-poskytovani-sluzby-blog-sportano-cz\/\" \/>\n<meta property=\"og:locale\" content=\"cs_CZ\" \/>\n<meta property=\"og:type\" content=\"article\" \/>\n<meta property=\"og:title\" content=\"PODM\u00cdNKY POSKYTOV\u00c1N\u00cd SLU\u017dBY BLOG SPORTANO.CZ - Blog Sportano.cz\" \/>\n<meta property=\"og:description\" content=\"I.\u202f\u202f\u202f\u202f\u202f\u202f\u202f\u202f\u202f\u202f OBECN\u00c1 USTANOVEN\u00cd 1. Tato pravidla popisuj\u00ed z\u00e1sady poskytov\u00e1n\u00ed slu\u017eby Blog (d\u00e1le jen &#8222;Blog&#8220;) v r\u00e1mci internetov\u00e9 slu\u017eby dostupn\u00e9 pod dom\u00e9nou www.sportano.cz (d\u00e1le jen &#8222;Podm\u00ednky Blogu&#8220;) spole\u010dnost\u00ed SPORTANO.COM spole\u010dnost s ru\u010den\u00edm omezen\u00fdm se s\u00eddlem ul. Wroc\u0142awska 17B\/15, 65-427 Zielona G\u00f3ra, Polsko (EU), zapsan\u00e9 v\u202frejst\u0159\u00edku podnikatel\u016f veden\u00e9m Okresn\u00edm soudem v Zielona G\u00f3ra, VIII obchodn\u00ed odd\u011blen\u00ed &#8211; [&hellip;]\" \/>\n<meta property=\"og:url\" content=\"https:\/\/sportano.cz\/blog\/podminky-poskytovani-sluzby-blog-sportano-cz\/\" \/>\n<meta property=\"article:modified_time\" content=\"2025-04-02T11:05:10+00:00\" \/>\n<meta name=\"twitter:card\" content=\"summary_large_image\" \/>\n<meta name=\"twitter:label1\" content=\"Odhadovan\u00e1 doba \u010dten\u00ed\" \/>\n\t<meta name=\"twitter:data1\" content=\"8 minut\" \/>\n<!-- \/ Yoast SEO plugin. -->","yoast_head_json":{"title":"PODM\u00cdNKY POSKYTOV\u00c1N\u00cd SLU\u017dBY BLOG SPORTANO.CZ - Blog Sportano.cz","robots":{"index":"index","follow":"follow","max-snippet":"max-snippet:-1","max-image-preview":"max-image-preview:large","max-video-preview":"max-video-preview:-1"},"canonical":"https:\/\/sportano.cz\/blog\/podminky-poskytovani-sluzby-blog-sportano-cz\/","og_locale":"cs_CZ","og_type":"article","og_title":"PODM\u00cdNKY POSKYTOV\u00c1N\u00cd SLU\u017dBY BLOG SPORTANO.CZ - Blog Sportano.cz","og_description":"I.\u202f\u202f\u202f\u202f\u202f\u202f\u202f\u202f\u202f\u202f OBECN\u00c1 USTANOVEN\u00cd 1. Tato pravidla popisuj\u00ed z\u00e1sady poskytov\u00e1n\u00ed slu\u017eby Blog (d\u00e1le jen &#8222;Blog&#8220;) v r\u00e1mci internetov\u00e9 slu\u017eby dostupn\u00e9 pod dom\u00e9nou www.sportano.cz (d\u00e1le jen &#8222;Podm\u00ednky Blogu&#8220;) spole\u010dnost\u00ed SPORTANO.COM spole\u010dnost s ru\u010den\u00edm omezen\u00fdm se s\u00eddlem ul. Wroc\u0142awska 17B\/15, 65-427 Zielona G\u00f3ra, Polsko (EU), zapsan\u00e9 v\u202frejst\u0159\u00edku podnikatel\u016f veden\u00e9m Okresn\u00edm soudem v Zielona G\u00f3ra, VIII obchodn\u00ed odd\u011blen\u00ed &#8211; [&hellip;]","og_url":"https:\/\/sportano.cz\/blog\/podminky-poskytovani-sluzby-blog-sportano-cz\/","article_modified_time":"2025-04-02T11:05:10+00:00","twitter_card":"summary_large_image","twitter_misc":{"Odhadovan\u00e1 doba \u010dten\u00ed":"8 minut"},"schema":{"@context":"https:\/\/schema.org","@graph":[{"@type":"WebPage","@id":"https:\/\/sportano.cz\/blog\/podminky-poskytovani-sluzby-blog-sportano-cz\/","url":"https:\/\/sportano.cz\/blog\/podminky-poskytovani-sluzby-blog-sportano-cz\/","name":"PODM\u00cdNKY POSKYTOV\u00c1N\u00cd SLU\u017dBY BLOG SPORTANO.CZ - Blog Sportano.cz","isPartOf":{"@id":"https:\/\/sportano.cz\/blog\/#website"},"datePublished":"2022-05-30T08:40:07+00:00","dateModified":"2025-04-02T11:05:10+00:00","breadcrumb":{"@id":"https:\/\/sportano.cz\/blog\/podminky-poskytovani-sluzby-blog-sportano-cz\/#breadcrumb"},"inLanguage":"cs","potentialAction":[{"@type":"ReadAction","target":["https:\/\/sportano.cz\/blog\/podminky-poskytovani-sluzby-blog-sportano-cz\/"]}]},{"@type":"BreadcrumbList","@id":"https:\/\/sportano.cz\/blog\/podminky-poskytovani-sluzby-blog-sportano-cz\/#breadcrumb","itemListElement":[{"@type":"ListItem","position":1,"name":"Hlavn\u00ed strana","item":"https:\/\/sportano.cz\/blog\/"},{"@type":"ListItem","position":2,"name":"PODM\u00cdNKY POSKYTOV\u00c1N\u00cd SLU\u017dBY BLOG SPORTANO.CZ"}]},{"@type":"WebSite","@id":"https:\/\/sportano.cz\/blog\/#website","url":"https:\/\/sportano.cz\/blog\/","name":"","description":"","publisher":{"@id":"https:\/\/sportano.cz\/blog\/#organization"},"potentialAction":[{"@type":"SearchAction","target":{"@type":"EntryPoint","urlTemplate":"https:\/\/sportano.cz\/blog\/?s={search_term_string}"},"query-input":{"@type":"PropertyValueSpecification","valueRequired":true,"valueName":"search_term_string"}}],"inLanguage":"cs"},{"@type":"Organization","@id":"https:\/\/sportano.cz\/blog\/#organization","name":"Sportano.pl","url":"https:\/\/sportano.cz\/blog\/","logo":{"@type":"ImageObject","inLanguage":"cs","@id":"https:\/\/sportano.cz\/blog\/#\/schema\/logo\/image\/","url":"http:\/\/sportano.cz\/blog\/wp-content\/uploads\/2022\/04\/sportano-blog-logo.png","contentUrl":"http:\/\/sportano.cz\/blog\/wp-content\/uploads\/2022\/04\/sportano-blog-logo.png","width":1200,"height":200,"caption":"Sportano.pl"},"image":{"@id":"https:\/\/sportano.cz\/blog\/#\/schema\/logo\/image\/"}}]}},"_links":{"self":[{"href":"https:\/\/sportano.cz\/blog\/wp-json\/wp\/v2\/pages\/118","targetHints":{"allow":["GET"]}}],"collection":[{"href":"https:\/\/sportano.cz\/blog\/wp-json\/wp\/v2\/pages"}],"about":[{"href":"https:\/\/sportano.cz\/blog\/wp-json\/wp\/v2\/types\/page"}],"author":[{"embeddable":true,"href":"https:\/\/sportano.cz\/blog\/wp-json\/wp\/v2\/users\/7"}],"replies":[{"embeddable":true,"href":"https:\/\/sportano.cz\/blog\/wp-json\/wp\/v2\/comments?post=118"}],"version-history":[{"count":14,"href":"https:\/\/sportano.cz\/blog\/wp-json\/wp\/v2\/pages\/118\/revisions"}],"predecessor-version":[{"id":1940,"href":"https:\/\/sportano.cz\/blog\/wp-json\/wp\/v2\/pages\/118\/revisions\/1940"}],"wp:attachment":[{"href":"https:\/\/sportano.cz\/blog\/wp-json\/wp\/v2\/media?parent=118"}],"curies":[{"name":"wp","href":"https:\/\/api.w.org\/{rel}","templated":true}]}}